{"id":354,"date":"2025-06-09T16:06:40","date_gmt":"2025-06-09T16:06:40","guid":{"rendered":"https:\/\/laike.me\/faq-page\/"},"modified":"2025-06-18T21:02:38","modified_gmt":"2025-06-18T21:02:38","slug":"faq-page","status":"publish","type":"page","link":"https:\/\/laike.me\/es\/faq-page\/","title":{"rendered":"Faq Page"},"content":{"rendered":"\n<h2 class=\"wp-block-heading ttl-faq\">Faq<\/h2>\n\n\n<div  class=\"ewd-ufaq-faq-list ewd-ufaq-page-type-distinct\" id='ewd-ufaq-faq-list'>\n\n\t<input type='hidden' name='show_on_load' value='' id='ewd-ufaq-show-on-load' \/>\n<input type='hidden' name='include_category' value='' id='ewd-ufaq-include-category' \/>\n<input type='hidden' name='exclude_category' value='' id='ewd-ufaq-exclude-category' \/>\n<input type='hidden' name='orderby' value='title' id='ewd-ufaq-orderby' \/>\n<input type='hidden' name='order' value='asc' id='ewd-ufaq-order' \/>\n<input type='hidden' name='post_count' value='-1' id='ewd-ufaq-post-count' \/>\n<input type='hidden' name='current_url' value='\/es\/wp-json\/wp\/v2\/pages\/354' id='ewd-ufaq-current-url' \/>\n\t\n\t\n\t<div class='ewd-ufaq-faqs'>\n\n\t\t<div  class=\"ewd-ufaq-faq-div ewd-ufaq-faq-column-count-one ewd-ufaq-faq-responsive-columns- ewd-ufaq-faq-display-style-default ewd-ufaq-can-be-toggled\" id='ewd-ufaq-post-408-4vcEKKp0HR' data-post_id='408'>\n\n\t<div class='ewd-ufaq-faq-title ewd-ufaq-faq-toggle'>\n\t\n\t<a class='ewd-ufaq-post-margin'  href='#' role=\"button\">\n\n\t\t<div class='ewd-ufaq-post-margin-symbol ewd-ufaq-'>\n\t\t\t<span >a<\/span>\n\t\t<\/div>\n\n\t\t<div class='ewd-ufaq-faq-title-text'>\n\n\t\t\t<h4>\n\t\t\t\t\u00bfC\u00f3mo funciona?\t\t\t<\/h4>\n\n\t\t<\/div>\n\n\t\t<div class='ewd-ufaq-clear'><\/div>\n\n\t<\/a>\n\t\n<\/div>\n\t\n\t<div class='ewd-ufaq-faq-body ewd-ufaq-hidden' >\n\n\t\t\n\t\t\t\n\t\t\n\t\t\t<div class='ewd-ufaq-post-margin ewd-ufaq-faq-post'>\n\t\n<p>Nuestro servicio aprovecha la inteligencia artificial para llevarte de la idea a la tienda en cuesti\u00f3n de minutos: simplemente introduce una propuesta o elige un dise\u00f1o predefinido, elige la categor\u00eda del producto (camisetas, bolsas, gorras y m\u00e1s) y, con un solo clic, tu tienda online estar\u00e1 activa. La IA genera im\u00e1genes \u00fanicas, aplica el dise\u00f1o al producto elegido y gestiona la configuraci\u00f3n del cat\u00e1logo, los pagos y tu panel de gesti\u00f3n, sin inversi\u00f3n inicial ni inventario que gestionar.<\/p>\n<\/div>\n\t\t\n\t\t\t\n\t\t\n\t\t\t\n\t\t\n\t\t\t\n\t\t\n\t\t\t\n\t\t\n\t\t\t\n\t\t\n\t\t\t\n\t\t\n\t\t\t\n\t\t\n\t\t\t\n\t\t\n\t<\/div>\n\n<\/div><div  class=\"ewd-ufaq-faq-div ewd-ufaq-faq-column-count-one ewd-ufaq-faq-responsive-columns- ewd-ufaq-faq-display-style-default ewd-ufaq-can-be-toggled\" id='ewd-ufaq-post-406-2wL8qMjGWZ' data-post_id='406'>\n\n\t<div class='ewd-ufaq-faq-title ewd-ufaq-faq-toggle'>\n\t\n\t<a class='ewd-ufaq-post-margin'  href='#' role=\"button\">\n\n\t\t<div class='ewd-ufaq-post-margin-symbol ewd-ufaq-'>\n\t\t\t<span >a<\/span>\n\t\t<\/div>\n\n\t\t<div class='ewd-ufaq-faq-title-text'>\n\n\t\t\t<h4>\n\t\t\t\t\u00bfCuando recibir\u00e9 mis ganancias?\t\t\t<\/h4>\n\n\t\t<\/div>\n\n\t\t<div class='ewd-ufaq-clear'><\/div>\n\n\t<\/a>\n\t\n<\/div>\n\t\n\t<div class='ewd-ufaq-faq-body ewd-ufaq-hidden' >\n\n\t\t\n\t\t\t\n\t\t\n\t\t\t<div class='ewd-ufaq-post-margin ewd-ufaq-faq-post'>\n\t\n<p>Tus ganancias (20% del precio de venta) se acumulan en tu cuenta de Stripe en cuanto se completa el pedido. Para empezar a retirar tu dinero, solo tienes que crear o activar una cuenta de Stripe (es gratuita y se conecta en unos pocos clics). Las transferencias bancarias siguen el calendario est\u00e1ndar de Stripe y suelen llegar en unos pocos d\u00edas h\u00e1biles.<\/p>\n<\/div>\n\t\t\n\t\t\t\n\t\t\n\t\t\t\n\t\t\n\t\t\t\n\t\t\n\t\t\t\n\t\t\n\t\t\t\n\t\t\n\t\t\t\n\t\t\n\t\t\t\n\t\t\n\t\t\t\n\t\t\n\t<\/div>\n\n<\/div><div  class=\"ewd-ufaq-faq-div ewd-ufaq-faq-column-count-one ewd-ufaq-faq-responsive-columns- ewd-ufaq-faq-display-style-default ewd-ufaq-can-be-toggled\" id='ewd-ufaq-post-407-IYwPF621IG' data-post_id='407'>\n\n\t<div class='ewd-ufaq-faq-title ewd-ufaq-faq-toggle'>\n\t\n\t<a class='ewd-ufaq-post-margin'  href='#' role=\"button\">\n\n\t\t<div class='ewd-ufaq-post-margin-symbol ewd-ufaq-'>\n\t\t\t<span >a<\/span>\n\t\t<\/div>\n\n\t\t<div class='ewd-ufaq-faq-title-text'>\n\n\t\t\t<h4>\n\t\t\t\t\u00bfCu\u00e1nto puedo ganar?\t\t\t<\/h4>\n\n\t\t<\/div>\n\n\t\t<div class='ewd-ufaq-clear'><\/div>\n\n\t<\/a>\n\t\n<\/div>\n\t\n\t<div class='ewd-ufaq-faq-body ewd-ufaq-hidden' >\n\n\t\t\n\t\t\t\n\t\t\n\t\t\t<div class='ewd-ufaq-post-margin ewd-ufaq-faq-post'>\n\t\n<p>Ganas el 20% de cada venta: un porcentaje fijo, simple y transparente. El 80% restante cubre la producci\u00f3n, la impresi\u00f3n, la log\u00edstica y nuestra plataforma.<\/p>\n<\/div>\n\t\t\n\t\t\t\n\t\t\n\t\t\t\n\t\t\n\t\t\t\n\t\t\n\t\t\t\n\t\t\n\t\t\t\n\t\t\n\t\t\t\n\t\t\n\t\t\t\n\t\t\n\t\t\t\n\t\t\n\t<\/div>\n\n<\/div><div  class=\"ewd-ufaq-faq-div ewd-ufaq-faq-column-count-one ewd-ufaq-faq-responsive-columns- ewd-ufaq-faq-display-style-default ewd-ufaq-can-be-toggled\" id='ewd-ufaq-post-405-ZjJS59MZLf' data-post_id='405'>\n\n\t<div class='ewd-ufaq-faq-title ewd-ufaq-faq-toggle'>\n\t\n\t<a class='ewd-ufaq-post-margin'  href='#' role=\"button\">\n\n\t\t<div class='ewd-ufaq-post-margin-symbol ewd-ufaq-'>\n\t\t\t<span >a<\/span>\n\t\t<\/div>\n\n\t\t<div class='ewd-ufaq-faq-title-text'>\n\n\t\t\t<h4>\n\t\t\t\t\u00bfPuedo subir mis propias creaciones?\t\t\t<\/h4>\n\n\t\t<\/div>\n\n\t\t<div class='ewd-ufaq-clear'><\/div>\n\n\t<\/a>\n\t\n<\/div>\n\t\n\t<div class='ewd-ufaq-faq-body ewd-ufaq-hidden' >\n\n\t\t\n\t\t\t\n\t\t\n\t\t\t<div class='ewd-ufaq-post-margin ewd-ufaq-faq-post'>\n\t\n<p>\u00a1S\u00ed, ya es posible! Puedes subir tus dise\u00f1os directamente desde tu <strong>panel de control<\/strong> en solo unos clics. Personaliza tus productos con tus gr\u00e1ficos y haz que tu tienda sea \u00fanica.<\/p>\n<\/div>\n\t\t\n\t\t\t\n\t\t\n\t\t\t\n\t\t\n\t\t\t\n\t\t\n\t\t\t\n\t\t\n\t\t\t\n\t\t\n\t\t\t\n\t\t\n\t\t\t\n\t\t\n\t\t\t\n\t\t\n\t<\/div>\n\n<\/div><div  class=\"ewd-ufaq-faq-div ewd-ufaq-faq-column-count-one ewd-ufaq-faq-responsive-columns- ewd-ufaq-faq-display-style-default ewd-ufaq-can-be-toggled\" id='ewd-ufaq-post-404-NXIiDGhC7N' data-post_id='404'>\n\n\t<div class='ewd-ufaq-faq-title ewd-ufaq-faq-toggle'>\n\t\n\t<a class='ewd-ufaq-post-margin'  href='#' role=\"button\">\n\n\t\t<div class='ewd-ufaq-post-margin-symbol ewd-ufaq-'>\n\t\t\t<span >a<\/span>\n\t\t<\/div>\n\n\t\t<div class='ewd-ufaq-faq-title-text'>\n\n\t\t\t<h4>\n\t\t\t\t\u00bfPuedo vender m\u00e1s de una categor\u00eda de producto?\t\t\t<\/h4>\n\n\t\t<\/div>\n\n\t\t<div class='ewd-ufaq-clear'><\/div>\n\n\t<\/a>\n\t\n<\/div>\n\t\n\t<div class='ewd-ufaq-faq-body ewd-ufaq-hidden' >\n\n\t\t\n\t\t\t\n\t\t\n\t\t\t<div class='ewd-ufaq-post-margin ewd-ufaq-faq-post'>\n\t\n<p>S\u00ed, actualmente ofrecemos bolsas, camisetas, gorras, botellas, mochilas y sudaderas, y ya tenemos m\u00e1s de 500 variantes en la hoja de ruta entre ropa, accesorios y gadgets. As\u00ed puedes expandir tu tienda sin l\u00edmites.<\/p>\n<\/div>\n\t\t\n\t\t\t\n\t\t\n\t\t\t\n\t\t\n\t\t\t\n\t\t\n\t\t\t\n\t\t\n\t\t\t\n\t\t\n\t\t\t\n\t\t\n\t\t\t\n\t\t\n\t\t\t\n\t\t\n\t<\/div>\n\n<\/div><div  class=\"ewd-ufaq-faq-div ewd-ufaq-faq-column-count-one ewd-ufaq-faq-responsive-columns- ewd-ufaq-faq-display-style-default ewd-ufaq-can-be-toggled\" id='ewd-ufaq-post-403-Fw3H8OQ3pa' data-post_id='403'>\n\n\t<div class='ewd-ufaq-faq-title ewd-ufaq-faq-toggle'>\n\t\n\t<a class='ewd-ufaq-post-margin'  href='#' role=\"button\">\n\n\t\t<div class='ewd-ufaq-post-margin-symbol ewd-ufaq-'>\n\t\t\t<span >a<\/span>\n\t\t<\/div>\n\n\t\t<div class='ewd-ufaq-faq-title-text'>\n\n\t\t\t<h4>\n\t\t\t\t\u00bfTengo que gestionar el env\u00edo yo mismo?\t\t\t<\/h4>\n\n\t\t<\/div>\n\n\t\t<div class='ewd-ufaq-clear'><\/div>\n\n\t<\/a>\n\t\n<\/div>\n\t\n\t<div class='ewd-ufaq-faq-body ewd-ufaq-hidden' >\n\n\t\t\n\t\t\t\n\t\t\n\t\t\t<div class='ewd-ufaq-post-margin ewd-ufaq-faq-post'>\n\t\n<p>Sin complicaciones log\u00edsticas: la producci\u00f3n y los env\u00edos bajo demanda est\u00e1n totalmente gestionados por nuestro socio de impresi\u00f3n y log\u00edstica. T\u00fa conc\u00e9ntrate en la creatividad; nosotros nos encargamos del resto.<\/p>\n<\/div>\n\t\t\n\t\t\t\n\t\t\n\t\t\t\n\t\t\n\t\t\t\n\t\t\n\t\t\t\n\t\t\n\t\t\t\n\t\t\n\t\t\t\n\t\t\n\t\t\t\n\t\t\n\t\t\t\n\t\t\n\t<\/div>\n\n<\/div>\n\t<\/div>\n\n\t\n<\/div>\n","protected":false},"excerpt":{"rendered":"<p>A \u00bfTengo que gestionar el env\u00edo yo mismo? Sin complicaciones log\u00edsticas: la producci\u00f3n y los env\u00edos bajo demanda est\u00e1n totalmente gestionados por nuestro socio de impresi\u00f3n y log\u00edstica. T\u00fa conc\u00e9ntrate en la creatividad; nosotros nos encargamos del resto.<\/p>\n","protected":false},"author":1,"featured_media":0,"parent":0,"menu_order":0,"comment_status":"closed","ping_status":"closed","template":"","meta":{"_acf_changed":false,"inline_featured_image":false,"footnotes":""},"class_list":["post-354","page","type-page","status-publish","hentry"],"acf":[],"yoast_head":"<!-- This site is optimized with the Yoast SEO plugin v26.8 - https:\/\/yoast.com\/product\/yoast-seo-wordpress\/ -->\n<title>Faq Page - LAIKE ME<\/title>\n<meta name=\"robots\" content=\"index, follow, max-snippet:-1, max-image-preview:large, max-video-preview:-1\" \/>\n<link rel=\"canonical\" href=\"https:\/\/laike.me\/es\/faq-page\/\" \/>\n<meta property=\"og:locale\" content=\"es_ES\" \/>\n<meta property=\"og:type\" content=\"article\" \/>\n<meta property=\"og:title\" content=\"Faq Page - LAIKE ME\" \/>\n<meta property=\"og:description\" content=\"A \u00bfTengo que gestionar el env\u00edo yo mismo? Sin complicaciones log\u00edsticas: la producci\u00f3n y los env\u00edos bajo demanda est\u00e1n totalmente gestionados por nuestro socio de impresi\u00f3n y log\u00edstica. T\u00fa conc\u00e9ntrate en la creatividad; nosotros nos encargamos del resto.\" \/>\n<meta property=\"og:url\" content=\"https:\/\/laike.me\/es\/faq-page\/\" \/>\n<meta property=\"og:site_name\" content=\"LAIKE ME\" \/>\n<meta property=\"article:modified_time\" content=\"2025-06-18T21:02:38+00:00\" \/>\n<meta name=\"twitter:card\" content=\"summary_large_image\" \/>\n<meta name=\"twitter:label1\" content=\"Est. reading time\" \/>\n\t<meta name=\"twitter:data1\" content=\"1 minute\" \/>\n<script type=\"application\/ld+json\" class=\"yoast-schema-graph\">{\"@context\":\"https:\/\/schema.org\",\"@graph\":[{\"@type\":\"WebPage\",\"@id\":\"https:\/\/laike.me\/es\/faq-page\/\",\"url\":\"https:\/\/laike.me\/es\/faq-page\/\",\"name\":\"Faq Page - LAIKE ME\",\"isPartOf\":{\"@id\":\"https:\/\/laike.me\/en\/#website\"},\"datePublished\":\"2025-06-09T16:06:40+00:00\",\"dateModified\":\"2025-06-18T21:02:38+00:00\",\"breadcrumb\":{\"@id\":\"https:\/\/laike.me\/es\/faq-page\/#breadcrumb\"},\"inLanguage\":\"es-ES\",\"potentialAction\":[{\"@type\":\"ReadAction\",\"target\":[\"https:\/\/laike.me\/es\/faq-page\/\"]}]},{\"@type\":\"BreadcrumbList\",\"@id\":\"https:\/\/laike.me\/es\/faq-page\/#breadcrumb\",\"itemListElement\":[{\"@type\":\"ListItem\",\"position\":1,\"name\":\"Home\",\"item\":\"https:\/\/laike.me\/es\/\"},{\"@type\":\"ListItem\",\"position\":2,\"name\":\"Faq Page\"}]},{\"@type\":\"WebSite\",\"@id\":\"https:\/\/laike.me\/en\/#website\",\"url\":\"https:\/\/laike.me\/en\/\",\"name\":\"LAIKE.ME\",\"description\":\"\",\"potentialAction\":[{\"@type\":\"SearchAction\",\"target\":{\"@type\":\"EntryPoint\",\"urlTemplate\":\"https:\/\/laike.me\/en\/?s={search_term_string}\"},\"query-input\":{\"@type\":\"PropertyValueSpecification\",\"valueRequired\":true,\"valueName\":\"search_term_string\"}}],\"inLanguage\":\"es-ES\"}]}<\/script>\n<!-- \/ Yoast SEO plugin. -->","yoast_head_json":{"title":"Faq Page - LAIKE ME","robots":{"index":"index","follow":"follow","max-snippet":"max-snippet:-1","max-image-preview":"max-image-preview:large","max-video-preview":"max-video-preview:-1"},"canonical":"https:\/\/laike.me\/es\/faq-page\/","og_locale":"es_ES","og_type":"article","og_title":"Faq Page - LAIKE ME","og_description":"A \u00bfTengo que gestionar el env\u00edo yo mismo? Sin complicaciones log\u00edsticas: la producci\u00f3n y los env\u00edos bajo demanda est\u00e1n totalmente gestionados por nuestro socio de impresi\u00f3n y log\u00edstica. T\u00fa conc\u00e9ntrate en la creatividad; nosotros nos encargamos del resto.","og_url":"https:\/\/laike.me\/es\/faq-page\/","og_site_name":"LAIKE ME","article_modified_time":"2025-06-18T21:02:38+00:00","twitter_card":"summary_large_image","twitter_misc":{"Est. reading time":"1 minute"},"schema":{"@context":"https:\/\/schema.org","@graph":[{"@type":"WebPage","@id":"https:\/\/laike.me\/es\/faq-page\/","url":"https:\/\/laike.me\/es\/faq-page\/","name":"Faq Page - LAIKE ME","isPartOf":{"@id":"https:\/\/laike.me\/en\/#website"},"datePublished":"2025-06-09T16:06:40+00:00","dateModified":"2025-06-18T21:02:38+00:00","breadcrumb":{"@id":"https:\/\/laike.me\/es\/faq-page\/#breadcrumb"},"inLanguage":"es-ES","potentialAction":[{"@type":"ReadAction","target":["https:\/\/laike.me\/es\/faq-page\/"]}]},{"@type":"BreadcrumbList","@id":"https:\/\/laike.me\/es\/faq-page\/#breadcrumb","itemListElement":[{"@type":"ListItem","position":1,"name":"Home","item":"https:\/\/laike.me\/es\/"},{"@type":"ListItem","position":2,"name":"Faq Page"}]},{"@type":"WebSite","@id":"https:\/\/laike.me\/en\/#website","url":"https:\/\/laike.me\/en\/","name":"LAIKE.ME","description":"","potentialAction":[{"@type":"SearchAction","target":{"@type":"EntryPoint","urlTemplate":"https:\/\/laike.me\/en\/?s={search_term_string}"},"query-input":{"@type":"PropertyValueSpecification","valueRequired":true,"valueName":"search_term_string"}}],"inLanguage":"es-ES"}]}},"_links":{"self":[{"href":"https:\/\/laike.me\/es\/wp-json\/wp\/v2\/pages\/354","targetHints":{"allow":["GET"]}}],"collection":[{"href":"https:\/\/laike.me\/es\/wp-json\/wp\/v2\/pages"}],"about":[{"href":"https:\/\/laike.me\/es\/wp-json\/wp\/v2\/types\/page"}],"author":[{"embeddable":true,"href":"https:\/\/laike.me\/es\/wp-json\/wp\/v2\/users\/1"}],"replies":[{"embeddable":true,"href":"https:\/\/laike.me\/es\/wp-json\/wp\/v2\/comments?post=354"}],"version-history":[{"count":3,"href":"https:\/\/laike.me\/es\/wp-json\/wp\/v2\/pages\/354\/revisions"}],"predecessor-version":[{"id":380,"href":"https:\/\/laike.me\/es\/wp-json\/wp\/v2\/pages\/354\/revisions\/380"}],"wp:attachment":[{"href":"https:\/\/laike.me\/es\/wp-json\/wp\/v2\/media?parent=354"}],"curies":[{"name":"wp","href":"https:\/\/api.w.org\/{rel}","templated":true}]}}