{"id":352,"date":"2025-06-09T16:06:40","date_gmt":"2025-06-09T16:06:40","guid":{"rendered":"https:\/\/laike.me\/faq-page\/"},"modified":"2025-06-18T21:05:14","modified_gmt":"2025-06-18T21:05:14","slug":"faq-page","status":"publish","type":"page","link":"https:\/\/laike.me\/fr\/faq-page\/","title":{"rendered":"Faq Page"},"content":{"rendered":"\n<h2 class=\"wp-block-heading ttl-faq\">Faq<\/h2>\n\n\n<div  class=\"ewd-ufaq-faq-list ewd-ufaq-page-type-distinct\" id='ewd-ufaq-faq-list'>\n\n\t<input type='hidden' name='show_on_load' value='' id='ewd-ufaq-show-on-load' \/>\n<input type='hidden' name='include_category' value='' id='ewd-ufaq-include-category' \/>\n<input type='hidden' name='exclude_category' value='' id='ewd-ufaq-exclude-category' \/>\n<input type='hidden' name='orderby' value='title' id='ewd-ufaq-orderby' \/>\n<input type='hidden' name='order' value='asc' id='ewd-ufaq-order' \/>\n<input type='hidden' name='post_count' value='-1' id='ewd-ufaq-post-count' \/>\n<input type='hidden' name='current_url' value='\/fr\/wp-json\/wp\/v2\/pages\/352' id='ewd-ufaq-current-url' \/>\n\t\n\t\n\t<div class='ewd-ufaq-faqs'>\n\n\t\t<div  class=\"ewd-ufaq-faq-div ewd-ufaq-faq-column-count-one ewd-ufaq-faq-responsive-columns- ewd-ufaq-faq-display-style-default ewd-ufaq-can-be-toggled\" id='ewd-ufaq-post-277-LsyfajLpJB' data-post_id='277'>\n\n\t<div class='ewd-ufaq-faq-title ewd-ufaq-faq-toggle'>\n\t\n\t<a class='ewd-ufaq-post-margin'  href='#' role=\"button\">\n\n\t\t<div class='ewd-ufaq-post-margin-symbol ewd-ufaq-'>\n\t\t\t<span >a<\/span>\n\t\t<\/div>\n\n\t\t<div class='ewd-ufaq-faq-title-text'>\n\n\t\t\t<h4>\n\t\t\t\tComment \u00e7a marche ?\t\t\t<\/h4>\n\n\t\t<\/div>\n\n\t\t<div class='ewd-ufaq-clear'><\/div>\n\n\t<\/a>\n\t\n<\/div>\n\t\n\t<div class='ewd-ufaq-faq-body ewd-ufaq-hidden' >\n\n\t\t\n\t\t\t\n\t\t\n\t\t\t<div class='ewd-ufaq-post-margin ewd-ufaq-faq-post'>\n\t\n<p>Notre service s&#8217;appuie sur l&#8217;intelligence artificielle pour vous faire passer \u00ab de l&#8217;id\u00e9e \u00e0 la vente \u00bb en quelques minutes : il vous suffit d&#8217;ins\u00e9rer un message ou de rechercher un mod\u00e8le d\u00e9j\u00e0 pr\u00eat, de s\u00e9lectionner la cat\u00e9gorie de produit (t-shirt, shopper, cappellini et bien d&#8217;autres) et, en un clic, votre magasin en ligne est d\u00e9j\u00e0 op\u00e9rationnel.  <br \/>L&#8217;IA g\u00e9n\u00e8re des images uniques, applique le graphisme sur le produit s\u00e9lectionn\u00e9 et s&#8217;occupe de la gestion du catalogue, des paiements, des commandes, des magasins et de la logistique. Vous pouvez toujours surveiller et g\u00e9rer votre boutique \u00e0 partir du tableau de bord de gestion, sans aucun investissement.<\/p>\n<\/div>\n\t\t\n\t\t\t\n\t\t\n\t\t\t\n\t\t\n\t\t\t\n\t\t\n\t\t\t\n\t\t\n\t\t\t\n\t\t\n\t\t\t\n\t\t\n\t\t\t\n\t\t\n\t\t\t\n\t\t\n\t<\/div>\n\n<\/div><div  class=\"ewd-ufaq-faq-div ewd-ufaq-faq-column-count-one ewd-ufaq-faq-responsive-columns- ewd-ufaq-faq-display-style-default ewd-ufaq-can-be-toggled\" id='ewd-ufaq-post-270-hGvmp2tWWu' data-post_id='270'>\n\n\t<div class='ewd-ufaq-faq-title ewd-ufaq-faq-toggle'>\n\t\n\t<a class='ewd-ufaq-post-margin'  href='#' role=\"button\">\n\n\t\t<div class='ewd-ufaq-post-margin-symbol ewd-ufaq-'>\n\t\t\t<span >a<\/span>\n\t\t<\/div>\n\n\t\t<div class='ewd-ufaq-faq-title-text'>\n\n\t\t\t<h4>\n\t\t\t\tPouvez-vous caricaturer ma cr\u00e9ativit\u00e9 ?\t\t\t<\/h4>\n\n\t\t<\/div>\n\n\t\t<div class='ewd-ufaq-clear'><\/div>\n\n\t<\/a>\n\t\n<\/div>\n\t\n\t<div class='ewd-ufaq-faq-body ewd-ufaq-hidden' >\n\n\t\t\n\t\t\t\n\t\t\n\t\t\t<div class='ewd-ufaq-post-margin ewd-ufaq-faq-post'>\n\t\n<p>Oui, c\u2019est d\u00e9sormais possible ! Tu peux importer tes cr\u00e9ations directement depuis ton <strong>tableau de bord<\/strong> en quelques clics. Personnalise tes produits avec tes visuels et rends ta boutique vraiment unique !<\/p>\n<\/div>\n\t\t\n\t\t\t\n\t\t\n\t\t\t\n\t\t\n\t\t\t\n\t\t\n\t\t\t\n\t\t\n\t\t\t\n\t\t\n\t\t\t\n\t\t\n\t\t\t\n\t\t\n\t\t\t\n\t\t\n\t<\/div>\n\n<\/div><div  class=\"ewd-ufaq-faq-div ewd-ufaq-faq-column-count-one ewd-ufaq-faq-responsive-columns- ewd-ufaq-faq-display-style-default ewd-ufaq-can-be-toggled\" id='ewd-ufaq-post-268-eYyhBJ2Z3o' data-post_id='268'>\n\n\t<div class='ewd-ufaq-faq-title ewd-ufaq-faq-toggle'>\n\t\n\t<a class='ewd-ufaq-post-margin'  href='#' role=\"button\">\n\n\t\t<div class='ewd-ufaq-post-margin-symbol ewd-ufaq-'>\n\t\t\t<span >a<\/span>\n\t\t<\/div>\n\n\t\t<div class='ewd-ufaq-faq-title-text'>\n\n\t\t\t<h4>\n\t\t\t\tPouvez-vous vendre plus d&#8217;une cat\u00e9gorie de produits ?\t\t\t<\/h4>\n\n\t\t<\/div>\n\n\t\t<div class='ewd-ufaq-clear'><\/div>\n\n\t<\/a>\n\t\n<\/div>\n\t\n\t<div class='ewd-ufaq-faq-body ewd-ufaq-hidden' >\n\n\t\t\n\t\t\t\n\t\t\n\t\t\t<div class='ewd-ufaq-post-margin ewd-ufaq-faq-post'>\n\t\n<p>Oui, pour le moment nous proposons des sacs, des t-shirts, des casquettes, des gourdes, des sacs \u00e0 cordon et des sweats, et nous avons d\u00e9j\u00e0 plus de 500 variantes pr\u00e9vues dans la feuille de route, entre v\u00eatements, accessoires et gadgets. Ainsi, vous pouvez d\u00e9velopper votre boutique sans limites.<\/p>\n<\/div>\n\t\t\n\t\t\t\n\t\t\n\t\t\t\n\t\t\n\t\t\t\n\t\t\n\t\t\t\n\t\t\n\t\t\t\n\t\t\n\t\t\t\n\t\t\n\t\t\t\n\t\t\n\t\t\t\n\t\t\n\t<\/div>\n\n<\/div><div  class=\"ewd-ufaq-faq-div ewd-ufaq-faq-column-count-one ewd-ufaq-faq-responsive-columns- ewd-ufaq-faq-display-style-default ewd-ufaq-can-be-toggled\" id='ewd-ufaq-post-274-hy2jLFmcAb' data-post_id='274'>\n\n\t<div class='ewd-ufaq-faq-title ewd-ufaq-faq-toggle'>\n\t\n\t<a class='ewd-ufaq-post-margin'  href='#' role=\"button\">\n\n\t\t<div class='ewd-ufaq-post-margin-symbol ewd-ufaq-'>\n\t\t\t<span >a<\/span>\n\t\t<\/div>\n\n\t\t<div class='ewd-ufaq-faq-title-text'>\n\n\t\t\t<h4>\n\t\t\t\tQu&#8217;est-ce que je peux faire ?\t\t\t<\/h4>\n\n\t\t<\/div>\n\n\t\t<div class='ewd-ufaq-clear'><\/div>\n\n\t<\/a>\n\t\n<\/div>\n\t\n\t<div class='ewd-ufaq-faq-body ewd-ufaq-hidden' >\n\n\t\t\n\t\t\t\n\t\t\n\t\t\t<div class='ewd-ufaq-post-margin ewd-ufaq-faq-post'>\n\t\n<p>Vous gagnez 20 % de chaque vente : c&#8217;est un pourcentage rapide, simple et \u00e9quitable. Le reste couvre la production du produit, le timbre, la logistique, le magasin et notre plate-forme. <\/p>\n<\/div>\n\t\t\n\t\t\t\n\t\t\n\t\t\t\n\t\t\n\t\t\t\n\t\t\n\t\t\t\n\t\t\n\t\t\t\n\t\t\n\t\t\t\n\t\t\n\t\t\t\n\t\t\n\t\t\t\n\t\t\n\t<\/div>\n\n<\/div><div  class=\"ewd-ufaq-faq-div ewd-ufaq-faq-column-count-one ewd-ufaq-faq-responsive-columns- ewd-ufaq-faq-display-style-default ewd-ufaq-can-be-toggled\" id='ewd-ufaq-post-272-FTVesuTnka' data-post_id='272'>\n\n\t<div class='ewd-ufaq-faq-title ewd-ufaq-faq-toggle'>\n\t\n\t<a class='ewd-ufaq-post-margin'  href='#' role=\"button\">\n\n\t\t<div class='ewd-ufaq-post-margin-symbol ewd-ufaq-'>\n\t\t\t<span >a<\/span>\n\t\t<\/div>\n\n\t\t<div class='ewd-ufaq-faq-title-text'>\n\n\t\t\t<h4>\n\t\t\t\tQuand est-ce que j&#8217;ai gagn\u00e9 mes cadeaux ?\t\t\t<\/h4>\n\n\t\t<\/div>\n\n\t\t<div class='ewd-ufaq-clear'><\/div>\n\n\t<\/a>\n\t\n<\/div>\n\t\n\t<div class='ewd-ufaq-faq-body ewd-ufaq-hidden' >\n\n\t\t\n\t\t\t\n\t\t\n\t\t\t<div class='ewd-ufaq-post-margin ewd-ufaq-faq-post'>\n\t\n<p>Vos gains (20% du prix de vente) s&#8217;accumulent sur votre compte sans attendre que la commande soit termin\u00e9e. Pour commencer \u00e0 incruster, vous devez avoir ou cr\u00e9er un compte Stripe (c&#8217;est gratuit et vous pouvez le cr\u00e9er en quelques clics) ; les transferts vers le r\u00e9seau bancaire sont ensuite effectu\u00e9s dans les d\u00e9lais standard de Stripe, en quelques jours de travail seulement.<\/p>\n<\/div>\n\t\t\n\t\t\t\n\t\t\n\t\t\t\n\t\t\n\t\t\t\n\t\t\n\t\t\t\n\t\t\n\t\t\t\n\t\t\n\t\t\t\n\t\t\n\t\t\t\n\t\t\n\t\t\t\n\t\t\n\t<\/div>\n\n<\/div><div  class=\"ewd-ufaq-faq-div ewd-ufaq-faq-column-count-one ewd-ufaq-faq-responsive-columns- ewd-ufaq-faq-display-style-default ewd-ufaq-can-be-toggled\" id='ewd-ufaq-post-266-7vm9aIIHnS' data-post_id='266'>\n\n\t<div class='ewd-ufaq-faq-title ewd-ufaq-faq-toggle'>\n\t\n\t<a class='ewd-ufaq-post-margin'  href='#' role=\"button\">\n\n\t\t<div class='ewd-ufaq-post-margin-symbol ewd-ufaq-'>\n\t\t\t<span >a<\/span>\n\t\t<\/div>\n\n\t\t<div class='ewd-ufaq-faq-title-text'>\n\n\t\t\t<h4>\n\t\t\t\tVous souhaitez g\u00e9rer vos d\u00e9penses ?\t\t\t<\/h4>\n\n\t\t<\/div>\n\n\t\t<div class='ewd-ufaq-clear'><\/div>\n\n\t<\/a>\n\t\n<\/div>\n\t\n\t<div class='ewd-ufaq-faq-body ewd-ufaq-hidden' >\n\n\t\t\n\t\t\t\n\t\t\n\t\t\t<div class='ewd-ufaq-post-margin ewd-ufaq-faq-post'>\n\t\n<p>Pas de stress logistique : la production \u00e0 la demande et la livraison sont g\u00e9r\u00e9es conjointement par notre plate-forme. Vous pensez \u00e0 la cr\u00e9ativit\u00e9, nous \u00e0 tout le reste.<\/p>\n<\/div>\n\t\t\n\t\t\t\n\t\t\n\t\t\t\n\t\t\n\t\t\t\n\t\t\n\t\t\t\n\t\t\n\t\t\t\n\t\t\n\t\t\t\n\t\t\n\t\t\t\n\t\t\n\t\t\t\n\t\t\n\t<\/div>\n\n<\/div>\n\t<\/div>\n\n\t\n<\/div>\n","protected":false},"excerpt":{"rendered":"<p>A Vous souhaitez g\u00e9rer vos d\u00e9penses ? Pas de stress logistique : la production \u00e0 la demande et la livraison sont g\u00e9r\u00e9es conjointement par notre plate-forme. Vous pensez \u00e0 la cr\u00e9ativit\u00e9, nous \u00e0 tout le reste.<\/p>\n","protected":false},"author":1,"featured_media":0,"parent":0,"menu_order":0,"comment_status":"closed","ping_status":"closed","template":"","meta":{"_acf_changed":false,"inline_featured_image":false,"footnotes":""},"class_list":["post-352","page","type-page","status-publish","hentry"],"acf":[],"yoast_head":"<!-- This site is optimized with the Yoast SEO plugin v26.8 - https:\/\/yoast.com\/product\/yoast-seo-wordpress\/ -->\n<title>Faq Page - LAIKE ME<\/title>\n<meta name=\"robots\" content=\"index, follow, max-snippet:-1, max-image-preview:large, max-video-preview:-1\" \/>\n<link rel=\"canonical\" href=\"https:\/\/search.laike.me\/fr\/faq-page\/\" \/>\n<meta property=\"og:locale\" content=\"fr_FR\" \/>\n<meta property=\"og:type\" content=\"article\" \/>\n<meta property=\"og:title\" content=\"Faq Page - LAIKE ME\" \/>\n<meta property=\"og:description\" content=\"A Vous souhaitez g\u00e9rer vos d\u00e9penses ? Pas de stress logistique : la production \u00e0 la demande et la livraison sont g\u00e9r\u00e9es conjointement par notre plate-forme. Vous pensez \u00e0 la cr\u00e9ativit\u00e9, nous \u00e0 tout le reste.\" \/>\n<meta property=\"og:url\" content=\"https:\/\/search.laike.me\/fr\/faq-page\/\" \/>\n<meta property=\"og:site_name\" content=\"LAIKE ME\" \/>\n<meta property=\"article:modified_time\" content=\"2025-06-18T21:05:14+00:00\" \/>\n<meta name=\"twitter:card\" content=\"summary_large_image\" \/>\n<meta name=\"twitter:label1\" content=\"Est. reading time\" \/>\n\t<meta name=\"twitter:data1\" content=\"1 minute\" \/>\n<script type=\"application\/ld+json\" class=\"yoast-schema-graph\">{\"@context\":\"https:\/\/schema.org\",\"@graph\":[{\"@type\":\"WebPage\",\"@id\":\"https:\/\/search.laike.me\/fr\/faq-page\/\",\"url\":\"https:\/\/search.laike.me\/fr\/faq-page\/\",\"name\":\"Faq Page - LAIKE ME\",\"isPartOf\":{\"@id\":\"https:\/\/laike.me\/en\/#website\"},\"datePublished\":\"2025-06-09T16:06:40+00:00\",\"dateModified\":\"2025-06-18T21:05:14+00:00\",\"breadcrumb\":{\"@id\":\"https:\/\/search.laike.me\/fr\/faq-page\/#breadcrumb\"},\"inLanguage\":\"fr-FR\",\"potentialAction\":[{\"@type\":\"ReadAction\",\"target\":[\"https:\/\/search.laike.me\/fr\/faq-page\/\"]}]},{\"@type\":\"BreadcrumbList\",\"@id\":\"https:\/\/search.laike.me\/fr\/faq-page\/#breadcrumb\",\"itemListElement\":[{\"@type\":\"ListItem\",\"position\":1,\"name\":\"Home\",\"item\":\"https:\/\/laike.me\/fr\/\"},{\"@type\":\"ListItem\",\"position\":2,\"name\":\"Faq Page\"}]},{\"@type\":\"WebSite\",\"@id\":\"https:\/\/laike.me\/en\/#website\",\"url\":\"https:\/\/laike.me\/en\/\",\"name\":\"LAIKE.ME\",\"description\":\"\",\"potentialAction\":[{\"@type\":\"SearchAction\",\"target\":{\"@type\":\"EntryPoint\",\"urlTemplate\":\"https:\/\/laike.me\/en\/?s={search_term_string}\"},\"query-input\":{\"@type\":\"PropertyValueSpecification\",\"valueRequired\":true,\"valueName\":\"search_term_string\"}}],\"inLanguage\":\"fr-FR\"}]}<\/script>\n<!-- \/ Yoast SEO plugin. -->","yoast_head_json":{"title":"Faq Page - LAIKE ME","robots":{"index":"index","follow":"follow","max-snippet":"max-snippet:-1","max-image-preview":"max-image-preview:large","max-video-preview":"max-video-preview:-1"},"canonical":"https:\/\/search.laike.me\/fr\/faq-page\/","og_locale":"fr_FR","og_type":"article","og_title":"Faq Page - LAIKE ME","og_description":"A Vous souhaitez g\u00e9rer vos d\u00e9penses ? Pas de stress logistique : la production \u00e0 la demande et la livraison sont g\u00e9r\u00e9es conjointement par notre plate-forme. Vous pensez \u00e0 la cr\u00e9ativit\u00e9, nous \u00e0 tout le reste.","og_url":"https:\/\/search.laike.me\/fr\/faq-page\/","og_site_name":"LAIKE ME","article_modified_time":"2025-06-18T21:05:14+00:00","twitter_card":"summary_large_image","twitter_misc":{"Est. reading time":"1 minute"},"schema":{"@context":"https:\/\/schema.org","@graph":[{"@type":"WebPage","@id":"https:\/\/search.laike.me\/fr\/faq-page\/","url":"https:\/\/search.laike.me\/fr\/faq-page\/","name":"Faq Page - LAIKE ME","isPartOf":{"@id":"https:\/\/laike.me\/en\/#website"},"datePublished":"2025-06-09T16:06:40+00:00","dateModified":"2025-06-18T21:05:14+00:00","breadcrumb":{"@id":"https:\/\/search.laike.me\/fr\/faq-page\/#breadcrumb"},"inLanguage":"fr-FR","potentialAction":[{"@type":"ReadAction","target":["https:\/\/search.laike.me\/fr\/faq-page\/"]}]},{"@type":"BreadcrumbList","@id":"https:\/\/search.laike.me\/fr\/faq-page\/#breadcrumb","itemListElement":[{"@type":"ListItem","position":1,"name":"Home","item":"https:\/\/laike.me\/fr\/"},{"@type":"ListItem","position":2,"name":"Faq Page"}]},{"@type":"WebSite","@id":"https:\/\/laike.me\/en\/#website","url":"https:\/\/laike.me\/en\/","name":"LAIKE.ME","description":"","potentialAction":[{"@type":"SearchAction","target":{"@type":"EntryPoint","urlTemplate":"https:\/\/laike.me\/en\/?s={search_term_string}"},"query-input":{"@type":"PropertyValueSpecification","valueRequired":true,"valueName":"search_term_string"}}],"inLanguage":"fr-FR"}]}},"_links":{"self":[{"href":"https:\/\/laike.me\/fr\/wp-json\/wp\/v2\/pages\/352","targetHints":{"allow":["GET"]}}],"collection":[{"href":"https:\/\/laike.me\/fr\/wp-json\/wp\/v2\/pages"}],"about":[{"href":"https:\/\/laike.me\/fr\/wp-json\/wp\/v2\/types\/page"}],"author":[{"embeddable":true,"href":"https:\/\/laike.me\/fr\/wp-json\/wp\/v2\/users\/1"}],"replies":[{"embeddable":true,"href":"https:\/\/laike.me\/fr\/wp-json\/wp\/v2\/comments?post=352"}],"version-history":[{"count":2,"href":"https:\/\/laike.me\/fr\/wp-json\/wp\/v2\/pages\/352\/revisions"}],"predecessor-version":[{"id":381,"href":"https:\/\/laike.me\/fr\/wp-json\/wp\/v2\/pages\/352\/revisions\/381"}],"wp:attachment":[{"href":"https:\/\/laike.me\/fr\/wp-json\/wp\/v2\/media?parent=352"}],"curies":[{"name":"wp","href":"https:\/\/api.w.org\/{rel}","templated":true}]}}