{"id":353,"date":"2025-06-09T16:06:40","date_gmt":"2025-06-09T16:06:40","guid":{"rendered":"https:\/\/laike.me\/faq-page\/"},"modified":"2025-06-18T18:50:17","modified_gmt":"2025-06-18T18:50:17","slug":"faq-page","status":"publish","type":"page","link":"https:\/\/laike.me\/pt\/faq-page\/","title":{"rendered":"Faq Page"},"content":{"rendered":"\n<h2 class=\"wp-block-heading ttl-faq\">Faq<\/h2>\n\n\n\n<div  class=\"ewd-ufaq-faq-list ewd-ufaq-page-type-distinct\" id='ewd-ufaq-faq-list'>\n\n\t<input type='hidden' name='show_on_load' value='' id='ewd-ufaq-show-on-load' \/>\n<input type='hidden' name='include_category' value='' id='ewd-ufaq-include-category' \/>\n<input type='hidden' name='exclude_category' value='' id='ewd-ufaq-exclude-category' \/>\n<input type='hidden' name='orderby' value='title' id='ewd-ufaq-orderby' \/>\n<input type='hidden' name='order' value='asc' id='ewd-ufaq-order' \/>\n<input type='hidden' name='post_count' value='-1' id='ewd-ufaq-post-count' \/>\n<input type='hidden' name='current_url' value='\/pt\/wp-json\/wp\/v2\/pages\/353' id='ewd-ufaq-current-url' \/>\n\t\n\t\n\t<div class='ewd-ufaq-faqs'>\n\n\t\t<div  class=\"ewd-ufaq-faq-div ewd-ufaq-faq-column-count-one ewd-ufaq-faq-responsive-columns- ewd-ufaq-faq-display-style-default ewd-ufaq-can-be-toggled\" id='ewd-ufaq-post-394-LcwH2QvNy8' data-post_id='394'>\n\n\t<div class='ewd-ufaq-faq-title ewd-ufaq-faq-toggle'>\n\t\n\t<a class='ewd-ufaq-post-margin'  href='#' role=\"button\">\n\n\t\t<div class='ewd-ufaq-post-margin-symbol ewd-ufaq-'>\n\t\t\t<span >a<\/span>\n\t\t<\/div>\n\n\t\t<div class='ewd-ufaq-faq-title-text'>\n\n\t\t\t<h4>\n\t\t\t\tComo funciona?\t\t\t<\/h4>\n\n\t\t<\/div>\n\n\t\t<div class='ewd-ufaq-clear'><\/div>\n\n\t<\/a>\n\t\n<\/div>\n\t\n\t<div class='ewd-ufaq-faq-body ewd-ufaq-hidden' >\n\n\t\t\n\t\t\t\n\t\t\n\t\t\t<div class='ewd-ufaq-post-margin ewd-ufaq-faq-post'>\n\t\n<p>O nosso servi\u00e7o utiliza intelig\u00eancia artificial para o levar &#8220;da ideia \u00e0 montra&#8221; em apenas alguns minutos: basta introduzir um prompt ou escolher um design j\u00e1 feito, escolher a categoria do produto (t-shirts, sacos, bon\u00e9s e muito mais) e, com um clique, a sua loja online estar\u00e1 no ar. A IA gera imagens exclusivas, aplica a arte ao produto escolhido e trata da configura\u00e7\u00e3o do cat\u00e1logo, dos pagamentos e do seu painel de gest\u00e3o \u2014 sem investimento inicial ou stock para gerir.<\/p>\n<\/div>\n\t\t\n\t\t\t\n\t\t\n\t\t\t\n\t\t\n\t\t\t\n\t\t\n\t\t\t\n\t\t\n\t\t\t\n\t\t\n\t\t\t\n\t\t\n\t\t\t\n\t\t\n\t\t\t\n\t\t\n\t<\/div>\n\n<\/div><div  class=\"ewd-ufaq-faq-div ewd-ufaq-faq-column-count-one ewd-ufaq-faq-responsive-columns- ewd-ufaq-faq-display-style-default ewd-ufaq-can-be-toggled\" id='ewd-ufaq-post-391-DGCWljwMoV' data-post_id='391'>\n\n\t<div class='ewd-ufaq-faq-title ewd-ufaq-faq-toggle'>\n\t\n\t<a class='ewd-ufaq-post-margin'  href='#' role=\"button\">\n\n\t\t<div class='ewd-ufaq-post-margin-symbol ewd-ufaq-'>\n\t\t\t<span >a<\/span>\n\t\t<\/div>\n\n\t\t<div class='ewd-ufaq-faq-title-text'>\n\n\t\t\t<h4>\n\t\t\t\tPosso enviar as minhas pr\u00f3prias cria\u00e7\u00f5es?\t\t\t<\/h4>\n\n\t\t<\/div>\n\n\t\t<div class='ewd-ufaq-clear'><\/div>\n\n\t<\/a>\n\t\n<\/div>\n\t\n\t<div class='ewd-ufaq-faq-body ewd-ufaq-hidden' >\n\n\t\t\n\t\t\t\n\t\t\n\t\t\t<div class='ewd-ufaq-post-margin ewd-ufaq-faq-post'>\n\t\n<p>Sim, agora \u00e9 poss\u00edvel! Voc\u00ea pode enviar seus designs diretamente do seu painel com apenas alguns cliques. Personalize seus produtos com suas pr\u00f3prias artes e torne sua loja realmente \u00fanica!<\/p>\n<\/div>\n\t\t\n\t\t\t\n\t\t\n\t\t\t\n\t\t\n\t\t\t\n\t\t\n\t\t\t\n\t\t\n\t\t\t\n\t\t\n\t\t\t\n\t\t\n\t\t\t\n\t\t\n\t\t\t\n\t\t\n\t<\/div>\n\n<\/div><div  class=\"ewd-ufaq-faq-div ewd-ufaq-faq-column-count-one ewd-ufaq-faq-responsive-columns- ewd-ufaq-faq-display-style-default ewd-ufaq-can-be-toggled\" id='ewd-ufaq-post-390-4FrApmbZbG' data-post_id='390'>\n\n\t<div class='ewd-ufaq-faq-title ewd-ufaq-faq-toggle'>\n\t\n\t<a class='ewd-ufaq-post-margin'  href='#' role=\"button\">\n\n\t\t<div class='ewd-ufaq-post-margin-symbol ewd-ufaq-'>\n\t\t\t<span >a<\/span>\n\t\t<\/div>\n\n\t\t<div class='ewd-ufaq-faq-title-text'>\n\n\t\t\t<h4>\n\t\t\t\tPosso vender mais do que uma categoria de produtos?\t\t\t<\/h4>\n\n\t\t<\/div>\n\n\t\t<div class='ewd-ufaq-clear'><\/div>\n\n\t<\/a>\n\t\n<\/div>\n\t\n\t<div class='ewd-ufaq-faq-body ewd-ufaq-hidden' >\n\n\t\t\n\t\t\t\n\t\t\n\t\t\t<div class='ewd-ufaq-post-margin ewd-ufaq-faq-post'>\n\t\n<p>Sim, no momento oferecemos sacolas, camisetas, bon\u00e9s, garrafas, mochilas e moletons, e j\u00e1 temos mais de 500 variantes no nosso roadmap entre roupas, acess\u00f3rios e gadgets. Assim, voc\u00ea expande sua loja sem limites.<\/p>\n<\/div>\n\t\t\n\t\t\t\n\t\t\n\t\t\t\n\t\t\n\t\t\t\n\t\t\n\t\t\t\n\t\t\n\t\t\t\n\t\t\n\t\t\t\n\t\t\n\t\t\t\n\t\t\n\t\t\t\n\t\t\n\t<\/div>\n\n<\/div><div  class=\"ewd-ufaq-faq-div ewd-ufaq-faq-column-count-one ewd-ufaq-faq-responsive-columns- ewd-ufaq-faq-display-style-default ewd-ufaq-can-be-toggled\" id='ewd-ufaq-post-392-ql9pBv2f30' data-post_id='392'>\n\n\t<div class='ewd-ufaq-faq-title ewd-ufaq-faq-toggle'>\n\t\n\t<a class='ewd-ufaq-post-margin'  href='#' role=\"button\">\n\n\t\t<div class='ewd-ufaq-post-margin-symbol ewd-ufaq-'>\n\t\t\t<span >a<\/span>\n\t\t<\/div>\n\n\t\t<div class='ewd-ufaq-faq-title-text'>\n\n\t\t\t<h4>\n\t\t\t\tQuando receberei os meus ganhos?\t\t\t<\/h4>\n\n\t\t<\/div>\n\n\t\t<div class='ewd-ufaq-clear'><\/div>\n\n\t<\/a>\n\t\n<\/div>\n\t\n\t<div class='ewd-ufaq-faq-body ewd-ufaq-hidden' >\n\n\t\t\n\t\t\t\n\t\t\n\t\t\t<div class='ewd-ufaq-post-margin ewd-ufaq-faq-post'>\n\t\n<p>Os seus lucros (20% do pre\u00e7o de venda) s\u00e3o acumulados na sua conta Stripe assim que o pedido \u00e9 conclu\u00eddo. Para come\u00e7ar a levantar, basta ter ou ativar uma conta Stripe (\u00e9 gratuita e liga-se em poucos cliques); as transfer\u00eancias banc\u00e1rias seguem o calend\u00e1rio padr\u00e3o da Stripe, chegando geralmente em poucos dias \u00fateis.<\/p>\n<\/div>\n\t\t\n\t\t\t\n\t\t\n\t\t\t\n\t\t\n\t\t\t\n\t\t\n\t\t\t\n\t\t\n\t\t\t\n\t\t\n\t\t\t\n\t\t\n\t\t\t\n\t\t\n\t\t\t\n\t\t\n\t<\/div>\n\n<\/div><div  class=\"ewd-ufaq-faq-div ewd-ufaq-faq-column-count-one ewd-ufaq-faq-responsive-columns- ewd-ufaq-faq-display-style-default ewd-ufaq-can-be-toggled\" id='ewd-ufaq-post-393-kbyXdWZBxu' data-post_id='393'>\n\n\t<div class='ewd-ufaq-faq-title ewd-ufaq-faq-toggle'>\n\t\n\t<a class='ewd-ufaq-post-margin'  href='#' role=\"button\">\n\n\t\t<div class='ewd-ufaq-post-margin-symbol ewd-ufaq-'>\n\t\t\t<span >a<\/span>\n\t\t<\/div>\n\n\t\t<div class='ewd-ufaq-faq-title-text'>\n\n\t\t\t<h4>\n\t\t\t\tQuanto posso ganhar?\t\t\t<\/h4>\n\n\t\t<\/div>\n\n\t\t<div class='ewd-ufaq-clear'><\/div>\n\n\t<\/a>\n\t\n<\/div>\n\t\n\t<div class='ewd-ufaq-faq-body ewd-ufaq-hidden' >\n\n\t\t\n\t\t\t\n\t\t\n\t\t\t<div class='ewd-ufaq-post-margin ewd-ufaq-faq-post'>\n\t\n<p>Ganha 20% de cada venda: uma percentagem fixa, simples e transparente. Os restantes 80% cobrem a produ\u00e7\u00e3o, impress\u00e3o, log\u00edstica e a nossa plataforma.<\/p>\n<\/div>\n\t\t\n\t\t\t\n\t\t\n\t\t\t\n\t\t\n\t\t\t\n\t\t\n\t\t\t\n\t\t\n\t\t\t\n\t\t\n\t\t\t\n\t\t\n\t\t\t\n\t\t\n\t\t\t\n\t\t\n\t<\/div>\n\n<\/div><div  class=\"ewd-ufaq-faq-div ewd-ufaq-faq-column-count-one ewd-ufaq-faq-responsive-columns- ewd-ufaq-faq-display-style-default ewd-ufaq-can-be-toggled\" id='ewd-ufaq-post-389-r0xED5yF6V' data-post_id='389'>\n\n\t<div class='ewd-ufaq-faq-title ewd-ufaq-faq-toggle'>\n\t\n\t<a class='ewd-ufaq-post-margin'  href='#' role=\"button\">\n\n\t\t<div class='ewd-ufaq-post-margin-symbol ewd-ufaq-'>\n\t\t\t<span >a<\/span>\n\t\t<\/div>\n\n\t\t<div class='ewd-ufaq-faq-title-text'>\n\n\t\t\t<h4>\n\t\t\t\tTenho de tratar do envio eu mesmo?\t\t\t<\/h4>\n\n\t\t<\/div>\n\n\t\t<div class='ewd-ufaq-clear'><\/div>\n\n\t<\/a>\n\t\n<\/div>\n\t\n\t<div class='ewd-ufaq-faq-body ewd-ufaq-hidden' >\n\n\t\t\n\t\t\t\n\t\t\n\t\t\t<div class='ewd-ufaq-post-margin ewd-ufaq-faq-post'>\n\t\n<p>Sem dores de cabe\u00e7a log\u00edsticas: a produ\u00e7\u00e3o e o envio a pedido s\u00e3o totalmente geridos pelo nosso parceiro de impress\u00e3o e log\u00edstica. Concentra-se na criatividade; n\u00f3s tratamos do resto.<\/p>\n<\/div>\n\t\t\n\t\t\t\n\t\t\n\t\t\t\n\t\t\n\t\t\t\n\t\t\n\t\t\t\n\t\t\n\t\t\t\n\t\t\n\t\t\t\n\t\t\n\t\t\t\n\t\t\n\t\t\t\n\t\t\n\t<\/div>\n\n<\/div>\n\t<\/div>\n\n\t\n<\/div>\n","protected":false},"excerpt":{"rendered":"<p>A Tenho de tratar do envio eu mesmo? Sem dores de cabe\u00e7a log\u00edsticas: a produ\u00e7\u00e3o e o envio a pedido s\u00e3o totalmente geridos pelo nosso parceiro de impress\u00e3o e log\u00edstica. Concentra-se na criatividade; n\u00f3s tratamos do resto.<\/p>\n","protected":false},"author":1,"featured_media":0,"parent":0,"menu_order":0,"comment_status":"closed","ping_status":"closed","template":"","meta":{"_acf_changed":false,"inline_featured_image":false,"footnotes":""},"class_list":["post-353","page","type-page","status-publish","hentry"],"acf":[],"yoast_head":"<!-- This site is optimized with the Yoast SEO plugin v26.8 - https:\/\/yoast.com\/product\/yoast-seo-wordpress\/ -->\n<title>Faq Page - LAIKE ME<\/title>\n<meta name=\"robots\" content=\"index, follow, max-snippet:-1, max-image-preview:large, max-video-preview:-1\" \/>\n<link rel=\"canonical\" href=\"https:\/\/laike.me\/pt\/faq-page\/\" \/>\n<meta property=\"og:locale\" content=\"pt_PT\" \/>\n<meta property=\"og:type\" content=\"article\" \/>\n<meta property=\"og:title\" content=\"Faq Page - LAIKE ME\" \/>\n<meta property=\"og:description\" content=\"A Tenho de tratar do envio eu mesmo? Sem dores de cabe\u00e7a log\u00edsticas: a produ\u00e7\u00e3o e o envio a pedido s\u00e3o totalmente geridos pelo nosso parceiro de impress\u00e3o e log\u00edstica. Concentra-se na criatividade; n\u00f3s tratamos do resto.\" \/>\n<meta property=\"og:url\" content=\"https:\/\/laike.me\/pt\/faq-page\/\" \/>\n<meta property=\"og:site_name\" content=\"LAIKE ME\" \/>\n<meta property=\"article:modified_time\" content=\"2025-06-18T18:50:17+00:00\" \/>\n<meta name=\"twitter:card\" content=\"summary_large_image\" \/>\n<meta name=\"twitter:label1\" content=\"Est. reading time\" \/>\n\t<meta name=\"twitter:data1\" content=\"1 minute\" \/>\n<script type=\"application\/ld+json\" class=\"yoast-schema-graph\">{\"@context\":\"https:\/\/schema.org\",\"@graph\":[{\"@type\":\"WebPage\",\"@id\":\"https:\/\/laike.me\/pt\/faq-page\/\",\"url\":\"https:\/\/laike.me\/pt\/faq-page\/\",\"name\":\"Faq Page - LAIKE ME\",\"isPartOf\":{\"@id\":\"https:\/\/laike.me\/en\/#website\"},\"datePublished\":\"2025-06-09T16:06:40+00:00\",\"dateModified\":\"2025-06-18T18:50:17+00:00\",\"breadcrumb\":{\"@id\":\"https:\/\/laike.me\/pt\/faq-page\/#breadcrumb\"},\"inLanguage\":\"pt-PP\",\"potentialAction\":[{\"@type\":\"ReadAction\",\"target\":[\"https:\/\/laike.me\/pt\/faq-page\/\"]}]},{\"@type\":\"BreadcrumbList\",\"@id\":\"https:\/\/laike.me\/pt\/faq-page\/#breadcrumb\",\"itemListElement\":[{\"@type\":\"ListItem\",\"position\":1,\"name\":\"Home\",\"item\":\"https:\/\/laike.me\/pt\/\"},{\"@type\":\"ListItem\",\"position\":2,\"name\":\"Faq Page\"}]},{\"@type\":\"WebSite\",\"@id\":\"https:\/\/laike.me\/en\/#website\",\"url\":\"https:\/\/laike.me\/en\/\",\"name\":\"LAIKE.ME\",\"description\":\"\",\"potentialAction\":[{\"@type\":\"SearchAction\",\"target\":{\"@type\":\"EntryPoint\",\"urlTemplate\":\"https:\/\/laike.me\/en\/?s={search_term_string}\"},\"query-input\":{\"@type\":\"PropertyValueSpecification\",\"valueRequired\":true,\"valueName\":\"search_term_string\"}}],\"inLanguage\":\"pt-PP\"}]}<\/script>\n<!-- \/ Yoast SEO plugin. -->","yoast_head_json":{"title":"Faq Page - LAIKE ME","robots":{"index":"index","follow":"follow","max-snippet":"max-snippet:-1","max-image-preview":"max-image-preview:large","max-video-preview":"max-video-preview:-1"},"canonical":"https:\/\/laike.me\/pt\/faq-page\/","og_locale":"pt_PT","og_type":"article","og_title":"Faq Page - LAIKE ME","og_description":"A Tenho de tratar do envio eu mesmo? Sem dores de cabe\u00e7a log\u00edsticas: a produ\u00e7\u00e3o e o envio a pedido s\u00e3o totalmente geridos pelo nosso parceiro de impress\u00e3o e log\u00edstica. Concentra-se na criatividade; n\u00f3s tratamos do resto.","og_url":"https:\/\/laike.me\/pt\/faq-page\/","og_site_name":"LAIKE ME","article_modified_time":"2025-06-18T18:50:17+00:00","twitter_card":"summary_large_image","twitter_misc":{"Est. reading time":"1 minute"},"schema":{"@context":"https:\/\/schema.org","@graph":[{"@type":"WebPage","@id":"https:\/\/laike.me\/pt\/faq-page\/","url":"https:\/\/laike.me\/pt\/faq-page\/","name":"Faq Page - LAIKE ME","isPartOf":{"@id":"https:\/\/laike.me\/en\/#website"},"datePublished":"2025-06-09T16:06:40+00:00","dateModified":"2025-06-18T18:50:17+00:00","breadcrumb":{"@id":"https:\/\/laike.me\/pt\/faq-page\/#breadcrumb"},"inLanguage":"pt-PP","potentialAction":[{"@type":"ReadAction","target":["https:\/\/laike.me\/pt\/faq-page\/"]}]},{"@type":"BreadcrumbList","@id":"https:\/\/laike.me\/pt\/faq-page\/#breadcrumb","itemListElement":[{"@type":"ListItem","position":1,"name":"Home","item":"https:\/\/laike.me\/pt\/"},{"@type":"ListItem","position":2,"name":"Faq Page"}]},{"@type":"WebSite","@id":"https:\/\/laike.me\/en\/#website","url":"https:\/\/laike.me\/en\/","name":"LAIKE.ME","description":"","potentialAction":[{"@type":"SearchAction","target":{"@type":"EntryPoint","urlTemplate":"https:\/\/laike.me\/en\/?s={search_term_string}"},"query-input":{"@type":"PropertyValueSpecification","valueRequired":true,"valueName":"search_term_string"}}],"inLanguage":"pt-PP"}]}},"_links":{"self":[{"href":"https:\/\/laike.me\/pt\/wp-json\/wp\/v2\/pages\/353","targetHints":{"allow":["GET"]}}],"collection":[{"href":"https:\/\/laike.me\/pt\/wp-json\/wp\/v2\/pages"}],"about":[{"href":"https:\/\/laike.me\/pt\/wp-json\/wp\/v2\/types\/page"}],"author":[{"embeddable":true,"href":"https:\/\/laike.me\/pt\/wp-json\/wp\/v2\/users\/1"}],"replies":[{"embeddable":true,"href":"https:\/\/laike.me\/pt\/wp-json\/wp\/v2\/comments?post=353"}],"version-history":[{"count":2,"href":"https:\/\/laike.me\/pt\/wp-json\/wp\/v2\/pages\/353\/revisions"}],"predecessor-version":[{"id":358,"href":"https:\/\/laike.me\/pt\/wp-json\/wp\/v2\/pages\/353\/revisions\/358"}],"wp:attachment":[{"href":"https:\/\/laike.me\/pt\/wp-json\/wp\/v2\/media?parent=353"}],"curies":[{"name":"wp","href":"https:\/\/api.w.org\/{rel}","templated":true}]}}